{"id":344,"date":"2023-08-08T17:17:59","date_gmt":"2023-08-08T15:17:59","guid":{"rendered":"https:\/\/avesdepresanepatagonico.com\/?page_id=344"},"modified":"2024-05-09T17:35:46","modified_gmt":"2024-05-09T15:35:46","slug":"quienes-somos","status":"publish","type":"page","link":"https:\/\/avesdepresanepatagonico.com\/en\/quienes-somos\/","title":{"rendered":"Us"},"content":{"rendered":"<div class=\"wp-block-cover alignfull is-light\" style=\"padding-top:7vw;padding-right:7vw;padding-bottom:7vw;padding-left:7vw;min-height:664px;aspect-ratio:unset;\"><span aria-hidden=\"true\" class=\"wp-block-cover__background has-background-dim-30 has-background-dim\"><\/span><img decoding=\"async\" class=\"wp-block-cover__image-background wp-image-813\" alt=\"\" src=\"https:\/\/pumasyavesdepresa.files.wordpress.com\/2023\/07\/img_4818.jpg\" style=\"object-position:51% 59%\" data-object-fit=\"cover\" data-object-position=\"51% 59%\"\/><div class=\"wp-block-cover__inner-container is-layout-flow wp-block-cover-is-layout-flow\">\n<p class=\"has-text-align-center has-background-color has-secondary-background-color has-text-color has-background has-link-color wp-elements-ee66743fd6dd20cea13a5762038d73cf\" style=\"font-size:33px\"><strong>Us<\/strong><\/p>\n\n\n\n<div class=\"wp-block-group has-white-color has-text-color has-link-color wp-elements-d331bf0d77fbdbf8ba40786f03b9e668\"><div class=\"wp-block-group__inner-container is-layout-constrained wp-container-core-group-is-layout-a6475e75 wp-block-group-is-layout-constrained\">\n<p class=\"has-text-align-center has-secondary-color has-background-background-color has-text-color has-background\" style=\"margin-top:var(--wp--preset--spacing--20);margin-bottom:var(--wp--preset--spacing--20);padding-top:0.44rem;padding-right:0;padding-bottom:0.44rem;padding-left:0;font-size:23px\"><strong>Director:<\/strong><\/p>\n\n\n<div class=\"wp-block-image\">\n<figure class=\"aligncenter size-full is-resized has-custom-border\"><img loading=\"lazy\" decoding=\"async\" src=\"https:\/\/pumasyavesdepresa.files.wordpress.com\/2023\/08\/diseno-sin-titulo-63.png\" alt=\"\" class=\"wp-image-2037\" style=\"border-style:none;border-width:0px;border-radius:22px\" width=\"294\" height=\"294\"\/><\/figure>\n<\/div>\n\n\n<p class=\"has-text-align-center\" style=\"margin-right:0;margin-left:0;font-size:21px\"><a href=\"https:\/\/pumasyavesdepresa.wordpress.com\/eduardo-de-lucca\/\">Eduardo De Lucca<\/a><\/p>\n\n\n\n<p class=\"has-text-align-center has-normal-font-size\" style=\"margin-top:0;margin-right:0;margin-bottom:0;margin-left:0;padding-top:0;padding-right:0;padding-bottom:0;padding-left:0\">Veterinarian from the University of Buenos Aires.<\/p>\n\n\n\n<p class=\"has-text-align-center has-normal-font-size\" style=\"margin-top:0;margin-right:0;margin-bottom:0;margin-left:0;padding-top:0;padding-right:0;padding-bottom:0;padding-left:0\"><br>En 1985 ingres\u00f3 a la Asociaci\u00f3n Ornitol\u00f3gica del Plata  (AOP- Aves Argentinas) y al incipiente &#8220;Grupo Rapaces&#8221; de la Fundaci\u00f3n Vida Silvestre Argentina. <\/p>\n\n\n\n<p class=\"has-text-align-center has-normal-font-size\" style=\"margin-top:0;margin-right:0;margin-bottom:0;margin-left:0;padding-top:0;padding-right:0;padding-bottom:0;padding-left:0\"><br>Between 1986 and 1996, he published 30 scientific and popular articles in magazines such as \"El Hornero,\" \"Nuestras Aves,\" \"Weekend,\" etc., mostly focused on birds of prey. He became one of the most prolific authors of ornithology articles during that decade.<\/p>\n\n\n\n<p class=\"has-text-align-center has-normal-font-size\" style=\"margin-top:0;margin-right:0;margin-bottom:0;margin-left:0;padding-top:0;padding-right:0;padding-bottom:0;padding-left:0\"><br>During those years, he presented lectures as a specialist in birds of prey in courses of bird systematics, offered annually by the mentioned organization. He also participated in and organized courses on the specialty, delivering more than 30 talks and 10 courses. <\/p>\n<\/div><\/div>\n\n\n\n<p><\/p>\n\n\n\n<div class=\"wp-block-group has-white-color has-text-color has-link-color wp-elements-f1386966ba532ae6051bc764dfbbf9aa\"><div class=\"wp-block-group__inner-container is-layout-constrained wp-container-core-group-is-layout-a6475e75 wp-block-group-is-layout-constrained\">\n<p class=\"has-text-align-center has-normal-font-size\" style=\"margin-top:0;margin-right:0;margin-bottom:0;margin-left:0;padding-top:0;padding-right:0;padding-bottom:0;padding-left:0\">In 1987-88, with Miguel D. Saggese he conducted the \"Aguila Escudada Project,\" a pioneering study on raptors in the Argentine Patagonia. This project laid the groundwork for the creation of the \"Bosques Petrificados de Jaramillo\" National Park.<\/p>\n<\/div><\/div>\n\n\n\n<p><\/p>\n\n\n\n<div class=\"wp-block-group has-white-color has-text-color has-link-color wp-elements-ff5a1a1e57daf68dbf255bcfa7d793f0\"><div class=\"wp-block-group__inner-container is-layout-constrained wp-container-core-group-is-layout-a6475e75 wp-block-group-is-layout-constrained\">\n<p class=\"has-text-align-center has-normal-font-size\" style=\"margin-top:0;margin-right:0;margin-bottom:0;margin-left:0;padding-top:0;padding-right:0;padding-bottom:0;padding-left:0\"> In 1989, he initiated and led the \"Argentine Raptor Working Group\" within the Asociaci\u00f3n Ornitologica de La Plata (AOP) until 1993. He developed the \"Argentine Harpy Eagle Conservation Project\" in the province of Misiones. This might have been one of the first programs for the study and conservation of rainforest eagles in Latin America.<\/p>\n\n\n\n<p class=\"has-text-align-center has-normal-font-size\" style=\"margin-top:0;margin-right:0;margin-bottom:0;margin-left:0;padding-top:0;padding-right:0;padding-bottom:0;padding-left:0\"><br>Luego de ausentarse del ambiente durante varios a\u00f1os, en 2010 inici\u00f3 el Proyecto \u201cAves de Presa del Nordeste Patag\u00f3nico\u201d. Al presente ha publicado unos 25 art\u00edculos de ciencia y divulgaci\u00f3n sobre las rapaces de esta regi\u00f3n del pa\u00eds, en especial focalizados en aspectos reproductivos y en monitoreos poblacionales a lo largo del litoral del Mar Argentino. <\/p>\n\n\n\n<p><\/p>\n\n\n\n<p class=\"has-text-align-center has-normal-font-size\" style=\"margin-top:0;margin-right:0;margin-bottom:0;margin-left:0;padding-top:0;padding-right:0;padding-bottom:0;padding-left:0\">Currently, and since 2009, he also leads the \"Puma de las Pampas Project,\" a study supported by \"Humane Society International.\"<\/p>\n\n\n\n<p class=\"has-text-align-center has-normal-font-size\">Acceso a publicaciones: <\/p>\n\n\n\n<div class=\"wp-block-buttons is-content-justification-center is-layout-flex wp-container-core-buttons-is-layout-16018d1d wp-block-buttons-is-layout-flex\">\n<div class=\"wp-block-button has-custom-width wp-block-button__width-50\"><a class=\"wp-block-button__link wp-element-button\" href=\"https:\/\/independent.academia.edu\/eduardoDeLucca\">Click here:<\/a><\/div>\n<\/div>\n\n\n\n<p class=\"has-text-align-center has-secondary-color has-background-background-color has-text-color has-background\" style=\"margin-top:var(--wp--preset--spacing--20);margin-bottom:var(--wp--preset--spacing--20);padding-top:0.44rem;padding-right:0;padding-bottom:0.44rem;padding-left:0;font-size:17px\"><strong>Participants\/Coauthors of articles published in scientific journals<\/strong>:<\/p>\n\n\n\n<p class=\"has-text-align-center\">LUCAS ALBORNOZ.\u00a0Biologist.<\/p>\n\n\n\n<p class=\"has-text-align-center has-normal-font-size\">MAXIMILIANO BERTINI. Environmental Guard.<\/p>\n\n\n\n<p class=\"has-text-align-center\">JONATAN FERRADA. Guarda Ambiental.<\/p>\n\n\n\n<p class=\"has-text-align-center\">MAURICIO FAILLA. Biologist.<\/p>\n\n\n\n<p class=\"has-text-align-center\">MARINA WINTER. Biologist . Phd.<\/p>\n\n\n\n<p class=\"has-text-align-center\">MARIO SORICETTI. Biologist. Phd.<\/p>\n\n\n\n<p class=\"has-text-align-center\">AGUST\u00cdN QUAGLIA. Veterinarian. Phd.<\/p>\n\n\n\n<p class=\"has-text-align-center\">DIEGO BUSTAMANTE. Cetrero.<\/p>\n\n\n\n<p class=\"has-text-align-center\">MARCELO SANCHEZ de BUSTAMANTE. Falconer.<\/p>\n\n\n\n<p class=\"has-text-align-center\">LAURA BORSELLINO. Communication Graduate.<\/p>\n\n\n\n<p class=\"has-text-align-center has-secondary-color has-background-background-color has-text-color has-background\" style=\"margin-right:0;margin-left:0;padding-top:var(--wp--preset--spacing--20);padding-bottom:var(--wp--preset--spacing--20);font-size:18px\"><strong>Head of Communications:<\/strong><\/p>\n\n\n\n<p class=\"has-text-align-center\">JUAN PABLO DE LUCCA. Estudiante Avanzado de Comunicaci\u00f3n Social.<\/p>\n<\/div><\/div>\n<\/div><\/div>","protected":false},"excerpt":{"rendered":"","protected":false},"author":1,"featured_media":0,"parent":0,"menu_order":0,"comment_status":"closed","ping_status":"closed","template":"full-width","meta":{"saved_in_kubio":true,"_gspb_post_css":"","footnotes":""},"class_list":["post-344","page","type-page","status-publish","hentry"],"kubio_ai_page_context":{"short_desc":"","purpose":"general"},"jetpack_sharing_enabled":true,"_links":{"self":[{"href":"https:\/\/avesdepresanepatagonico.com\/en\/wp-json\/wp\/v2\/pages\/344","targetHints":{"allow":["GET"]}}],"collection":[{"href":"https:\/\/avesdepresanepatagonico.com\/en\/wp-json\/wp\/v2\/pages"}],"about":[{"href":"https:\/\/avesdepresanepatagonico.com\/en\/wp-json\/wp\/v2\/types\/page"}],"author":[{"embeddable":true,"href":"https:\/\/avesdepresanepatagonico.com\/en\/wp-json\/wp\/v2\/users\/1"}],"replies":[{"embeddable":true,"href":"https:\/\/avesdepresanepatagonico.com\/en\/wp-json\/wp\/v2\/comments?post=344"}],"version-history":[{"count":4,"href":"https:\/\/avesdepresanepatagonico.com\/en\/wp-json\/wp\/v2\/pages\/344\/revisions"}],"predecessor-version":[{"id":2780,"href":"https:\/\/avesdepresanepatagonico.com\/en\/wp-json\/wp\/v2\/pages\/344\/revisions\/2780"}],"wp:attachment":[{"href":"https:\/\/avesdepresanepatagonico.com\/en\/wp-json\/wp\/v2\/media?parent=344"}],"curies":[{"name":"wp","href":"https:\/\/api.w.org\/{rel}","templated":true}]}}