{"id":238,"date":"2023-08-08T02:06:54","date_gmt":"2023-08-08T00:06:54","guid":{"rendered":"https:\/\/avesdepresanepatagonico.com\/?page_id=238"},"modified":"2024-07-28T19:46:29","modified_gmt":"2024-07-28T17:46:29","slug":"las-rapaces-marinas","status":"publish","type":"page","link":"https:\/\/avesdepresanepatagonico.com\/en\/las-rapaces-marinas\/","title":{"rendered":"The \"Marine\" Raptors"},"content":{"rendered":"<div class=\"wp-block-image\">\n<figure class=\"aligncenter size-large has-custom-border\" data-aos=\"fade\" data-aos-duration=\"1050\"><img loading=\"lazy\" decoding=\"async\" width=\"1024\" height=\"768\" src=\"https:\/\/avesdepresanepatagonico.com\/wp-content\/uploads\/2024\/04\/Diseno-sin-titulo-2024-04-23T135352.528-1024x768.png\" alt=\"\" class=\"wp-image-2742\" style=\"border-width:4px;border-radius:13px\" srcset=\"https:\/\/avesdepresanepatagonico.com\/wp-content\/uploads\/2024\/04\/Diseno-sin-titulo-2024-04-23T135352.528-1024x768.png 1024w, https:\/\/avesdepresanepatagonico.com\/wp-content\/uploads\/2024\/04\/Diseno-sin-titulo-2024-04-23T135352.528-300x225.png 300w, https:\/\/avesdepresanepatagonico.com\/wp-content\/uploads\/2024\/04\/Diseno-sin-titulo-2024-04-23T135352.528-768x576.png 768w, https:\/\/avesdepresanepatagonico.com\/wp-content\/uploads\/2024\/04\/Diseno-sin-titulo-2024-04-23T135352.528-1536x1152.png 1536w, https:\/\/avesdepresanepatagonico.com\/wp-content\/uploads\/2024\/04\/Diseno-sin-titulo-2024-04-23T135352.528-16x12.png 16w, https:\/\/avesdepresanepatagonico.com\/wp-content\/uploads\/2024\/04\/Diseno-sin-titulo-2024-04-23T135352.528-1440x1080.png 1440w, https:\/\/avesdepresanepatagonico.com\/wp-content\/uploads\/2024\/04\/Diseno-sin-titulo-2024-04-23T135352.528.png 2048w\" sizes=\"(max-width: 1024px) 100vw, 1024px\" \/><\/figure>\n<\/div>\n\n\n<p class=\"has-text-align-center has-medium-font-size translation-block\">2. Aplomado Falcon (Falco femoralis)<\/p>\n\n\n<div class=\"wp-block-image\">\n<figure class=\"aligncenter size-large has-custom-border\" data-aos=\"flip-up\" data-aos-duration=\"1200\"><img loading=\"lazy\" decoding=\"async\" width=\"1024\" height=\"768\" src=\"https:\/\/avesdepresanepatagonico.com\/wp-content\/uploads\/2024\/04\/Diseno-sin-titulo-2024-04-23T135031.016-1024x768.png\" alt=\"\" class=\"wp-image-2733\" style=\"border-width:4px;border-radius:13px\" srcset=\"https:\/\/avesdepresanepatagonico.com\/wp-content\/uploads\/2024\/04\/Diseno-sin-titulo-2024-04-23T135031.016-1024x768.png 1024w, https:\/\/avesdepresanepatagonico.com\/wp-content\/uploads\/2024\/04\/Diseno-sin-titulo-2024-04-23T135031.016-300x225.png 300w, https:\/\/avesdepresanepatagonico.com\/wp-content\/uploads\/2024\/04\/Diseno-sin-titulo-2024-04-23T135031.016-768x576.png 768w, https:\/\/avesdepresanepatagonico.com\/wp-content\/uploads\/2024\/04\/Diseno-sin-titulo-2024-04-23T135031.016-1536x1152.png 1536w, https:\/\/avesdepresanepatagonico.com\/wp-content\/uploads\/2024\/04\/Diseno-sin-titulo-2024-04-23T135031.016-16x12.png 16w, https:\/\/avesdepresanepatagonico.com\/wp-content\/uploads\/2024\/04\/Diseno-sin-titulo-2024-04-23T135031.016-1440x1080.png 1440w, https:\/\/avesdepresanepatagonico.com\/wp-content\/uploads\/2024\/04\/Diseno-sin-titulo-2024-04-23T135031.016.png 2048w\" sizes=\"(max-width: 1024px) 100vw, 1024px\" \/><\/figure>\n<\/div>\n\n\n<p class=\"has-text-align-center has-medium-font-size translation-block\">3. American Kestrel (Falco sparverius)<\/p>\n\n\n<div class=\"wp-block-image\">\n<figure class=\"aligncenter size-large has-custom-border\" data-aos=\"flip-left\" data-aos-duration=\"1150\"><img loading=\"lazy\" decoding=\"async\" width=\"1024\" height=\"768\" src=\"https:\/\/avesdepresanepatagonico.com\/wp-content\/uploads\/2024\/04\/Diseno-sin-titulo-2024-04-23T135342.848-1024x768.png\" alt=\"\" class=\"wp-image-2743\" style=\"border-width:4px;border-radius:13px\" srcset=\"https:\/\/avesdepresanepatagonico.com\/wp-content\/uploads\/2024\/04\/Diseno-sin-titulo-2024-04-23T135342.848-1024x768.png 1024w, https:\/\/avesdepresanepatagonico.com\/wp-content\/uploads\/2024\/04\/Diseno-sin-titulo-2024-04-23T135342.848-300x225.png 300w, https:\/\/avesdepresanepatagonico.com\/wp-content\/uploads\/2024\/04\/Diseno-sin-titulo-2024-04-23T135342.848-768x576.png 768w, https:\/\/avesdepresanepatagonico.com\/wp-content\/uploads\/2024\/04\/Diseno-sin-titulo-2024-04-23T135342.848-1536x1152.png 1536w, https:\/\/avesdepresanepatagonico.com\/wp-content\/uploads\/2024\/04\/Diseno-sin-titulo-2024-04-23T135342.848-16x12.png 16w, https:\/\/avesdepresanepatagonico.com\/wp-content\/uploads\/2024\/04\/Diseno-sin-titulo-2024-04-23T135342.848-1440x1080.png 1440w, https:\/\/avesdepresanepatagonico.com\/wp-content\/uploads\/2024\/04\/Diseno-sin-titulo-2024-04-23T135342.848.png 2048w\" sizes=\"(max-width: 1024px) 100vw, 1024px\" \/><\/figure>\n<\/div>\n\n\n<p class=\"has-text-align-center has-medium-font-size translation-block\">4. Southern Caracara (Caracara plancus)<\/p>\n\n\n<div class=\"wp-block-image\">\n<figure class=\"aligncenter size-large has-custom-border\" data-aos=\"fade\" data-aos-duration=\"1150\"><img loading=\"lazy\" decoding=\"async\" width=\"1024\" height=\"768\" src=\"https:\/\/avesdepresanepatagonico.com\/wp-content\/uploads\/2024\/04\/Diseno-sin-titulo-2024-04-23T135034.571-1024x768.png\" alt=\"\" class=\"wp-image-2734\" style=\"border-width:4px;border-radius:13px\" srcset=\"https:\/\/avesdepresanepatagonico.com\/wp-content\/uploads\/2024\/04\/Diseno-sin-titulo-2024-04-23T135034.571-1024x768.png 1024w, https:\/\/avesdepresanepatagonico.com\/wp-content\/uploads\/2024\/04\/Diseno-sin-titulo-2024-04-23T135034.571-300x225.png 300w, https:\/\/avesdepresanepatagonico.com\/wp-content\/uploads\/2024\/04\/Diseno-sin-titulo-2024-04-23T135034.571-768x576.png 768w, https:\/\/avesdepresanepatagonico.com\/wp-content\/uploads\/2024\/04\/Diseno-sin-titulo-2024-04-23T135034.571-1536x1152.png 1536w, https:\/\/avesdepresanepatagonico.com\/wp-content\/uploads\/2024\/04\/Diseno-sin-titulo-2024-04-23T135034.571-16x12.png 16w, https:\/\/avesdepresanepatagonico.com\/wp-content\/uploads\/2024\/04\/Diseno-sin-titulo-2024-04-23T135034.571-1440x1080.png 1440w, https:\/\/avesdepresanepatagonico.com\/wp-content\/uploads\/2024\/04\/Diseno-sin-titulo-2024-04-23T135034.571.png 2048w\" sizes=\"(max-width: 1024px) 100vw, 1024px\" \/><\/figure>\n<\/div>\n\n\n<p class=\"has-text-align-center has-medium-font-size translation-block\">5. Chimango (Milvago chimango)<\/p>\n\n\n<div class=\"wp-block-image\">\n<figure class=\"aligncenter size-large has-custom-border\" data-aos=\"slide-right\" data-aos-duration=\"1150\"><img loading=\"lazy\" decoding=\"async\" width=\"1024\" height=\"768\" src=\"https:\/\/avesdepresanepatagonico.com\/wp-content\/uploads\/2024\/04\/Diseno-sin-titulo-2024-04-23T134903.725-1024x768.png\" alt=\"\" class=\"wp-image-2735\" style=\"border-width:4px;border-radius:13px\" srcset=\"https:\/\/avesdepresanepatagonico.com\/wp-content\/uploads\/2024\/04\/Diseno-sin-titulo-2024-04-23T134903.725-1024x768.png 1024w, https:\/\/avesdepresanepatagonico.com\/wp-content\/uploads\/2024\/04\/Diseno-sin-titulo-2024-04-23T134903.725-300x225.png 300w, https:\/\/avesdepresanepatagonico.com\/wp-content\/uploads\/2024\/04\/Diseno-sin-titulo-2024-04-23T134903.725-768x576.png 768w, https:\/\/avesdepresanepatagonico.com\/wp-content\/uploads\/2024\/04\/Diseno-sin-titulo-2024-04-23T134903.725-1536x1152.png 1536w, https:\/\/avesdepresanepatagonico.com\/wp-content\/uploads\/2024\/04\/Diseno-sin-titulo-2024-04-23T134903.725-16x12.png 16w, https:\/\/avesdepresanepatagonico.com\/wp-content\/uploads\/2024\/04\/Diseno-sin-titulo-2024-04-23T134903.725-1440x1080.png 1440w, https:\/\/avesdepresanepatagonico.com\/wp-content\/uploads\/2024\/04\/Diseno-sin-titulo-2024-04-23T134903.725.png 2048w\" sizes=\"(max-width: 1024px) 100vw, 1024px\" \/><\/figure>\n<\/div>\n\n\n\n\n<p class=\"has-text-align-center has-medium-font-size translation-block\">6. Variable Hawk (Geranoaetus polyosoma)<\/p>\n\n\n<div class=\"wp-block-image\">\n<figure class=\"aligncenter size-large has-custom-border\" data-aos=\"zoom-in\" data-aos-duration=\"1200\"><img loading=\"lazy\" decoding=\"async\" width=\"1024\" height=\"768\" src=\"https:\/\/avesdepresanepatagonico.com\/wp-content\/uploads\/2024\/04\/Diseno-sin-titulo-2024-04-23T134908.358-1024x768.png\" alt=\"\" class=\"wp-image-2736\" style=\"border-width:4px;border-radius:13px\" srcset=\"https:\/\/avesdepresanepatagonico.com\/wp-content\/uploads\/2024\/04\/Diseno-sin-titulo-2024-04-23T134908.358-1024x768.png 1024w, https:\/\/avesdepresanepatagonico.com\/wp-content\/uploads\/2024\/04\/Diseno-sin-titulo-2024-04-23T134908.358-300x225.png 300w, https:\/\/avesdepresanepatagonico.com\/wp-content\/uploads\/2024\/04\/Diseno-sin-titulo-2024-04-23T134908.358-768x576.png 768w, https:\/\/avesdepresanepatagonico.com\/wp-content\/uploads\/2024\/04\/Diseno-sin-titulo-2024-04-23T134908.358-1536x1152.png 1536w, https:\/\/avesdepresanepatagonico.com\/wp-content\/uploads\/2024\/04\/Diseno-sin-titulo-2024-04-23T134908.358-16x12.png 16w, https:\/\/avesdepresanepatagonico.com\/wp-content\/uploads\/2024\/04\/Diseno-sin-titulo-2024-04-23T134908.358-1440x1080.png 1440w, https:\/\/avesdepresanepatagonico.com\/wp-content\/uploads\/2024\/04\/Diseno-sin-titulo-2024-04-23T134908.358.png 2048w\" sizes=\"(max-width: 1024px) 100vw, 1024px\" \/><\/figure>\n<\/div>\n\n\n<p class=\"has-text-align-center has-medium-font-size translation-block\">7. Black-chested Buzzard-Eagle (Geranoaetus melanoleucus)<\/p>\n\n\n<div class=\"wp-block-image\">\n<figure class=\"aligncenter size-large has-custom-border\" data-aos=\"zoom-in-up\" data-aos-duration=\"1200\"><img loading=\"lazy\" decoding=\"async\" width=\"1024\" height=\"768\" src=\"https:\/\/avesdepresanepatagonico.com\/wp-content\/uploads\/2024\/04\/Diseno-sin-titulo-2024-04-23T134909.555-1024x768.png\" alt=\"\" class=\"wp-image-2737\" style=\"border-width:4px;border-radius:13px\" srcset=\"https:\/\/avesdepresanepatagonico.com\/wp-content\/uploads\/2024\/04\/Diseno-sin-titulo-2024-04-23T134909.555-1024x768.png 1024w, https:\/\/avesdepresanepatagonico.com\/wp-content\/uploads\/2024\/04\/Diseno-sin-titulo-2024-04-23T134909.555-300x225.png 300w, https:\/\/avesdepresanepatagonico.com\/wp-content\/uploads\/2024\/04\/Diseno-sin-titulo-2024-04-23T134909.555-768x576.png 768w, https:\/\/avesdepresanepatagonico.com\/wp-content\/uploads\/2024\/04\/Diseno-sin-titulo-2024-04-23T134909.555-1536x1152.png 1536w, https:\/\/avesdepresanepatagonico.com\/wp-content\/uploads\/2024\/04\/Diseno-sin-titulo-2024-04-23T134909.555-16x12.png 16w, https:\/\/avesdepresanepatagonico.com\/wp-content\/uploads\/2024\/04\/Diseno-sin-titulo-2024-04-23T134909.555-1440x1080.png 1440w, https:\/\/avesdepresanepatagonico.com\/wp-content\/uploads\/2024\/04\/Diseno-sin-titulo-2024-04-23T134909.555.png 2048w\" sizes=\"(max-width: 1024px) 100vw, 1024px\" \/><\/figure>\n<\/div>\n\n\n<p class=\"has-text-align-center has-medium-font-size translation-block\">8. Cinereous Harrier (Circus cinereus)<\/p>\n\n\n<div class=\"wp-block-image\">\n<figure class=\"aligncenter size-full is-resized has-custom-border\" data-aos=\"fade\" data-aos-duration=\"1200\"><img decoding=\"async\" src=\"https:\/\/pumasyavesdepresa.files.wordpress.com\/2023\/07\/2.jpg\" alt=\"\" class=\"wp-image-1947\" style=\"border-width:4px;border-radius:13px;width:870px\"\/><\/figure>\n<\/div>\n\n\n<p class=\"has-text-align-center has-medium-font-size translation-block\">9. Long-winged Harrier (Circus buffoni)<\/p>\n\n\n<div class=\"wp-block-image\">\n<figure class=\"aligncenter size-full is-resized has-custom-border\" data-aos=\"fade-up\" data-aos-duration=\"1050\"><img decoding=\"async\" src=\"https:\/\/pumasyavesdepresa.files.wordpress.com\/2023\/08\/1.-halcon-peregrino-falco-peregrinus.-21-1.jpg\" alt=\"\" class=\"wp-image-2011\" style=\"border-width:4px;border-radius:13px;width:870px\"\/><\/figure>\n<\/div>\n\n\n\n\n<p class=\"has-text-align-center has-medium-font-size translation-block\">10. Black Vulture (Coragyps atratus)<\/p>\n\n\n<div class=\"wp-block-image\">\n<figure class=\"aligncenter size-large has-custom-border\" data-aos=\"fade-right\" data-aos-duration=\"1150\"><img loading=\"lazy\" decoding=\"async\" width=\"1024\" height=\"768\" src=\"https:\/\/avesdepresanepatagonico.com\/wp-content\/uploads\/2024\/04\/Diseno-sin-titulo-2024-04-23T134914.485-1024x768.png\" alt=\"\" class=\"has-border-color has-foreground-border-color wp-image-2738\" style=\"border-width:4px;border-radius:13px\" srcset=\"https:\/\/avesdepresanepatagonico.com\/wp-content\/uploads\/2024\/04\/Diseno-sin-titulo-2024-04-23T134914.485-1024x768.png 1024w, https:\/\/avesdepresanepatagonico.com\/wp-content\/uploads\/2024\/04\/Diseno-sin-titulo-2024-04-23T134914.485-300x225.png 300w, https:\/\/avesdepresanepatagonico.com\/wp-content\/uploads\/2024\/04\/Diseno-sin-titulo-2024-04-23T134914.485-768x576.png 768w, https:\/\/avesdepresanepatagonico.com\/wp-content\/uploads\/2024\/04\/Diseno-sin-titulo-2024-04-23T134914.485-1536x1152.png 1536w, https:\/\/avesdepresanepatagonico.com\/wp-content\/uploads\/2024\/04\/Diseno-sin-titulo-2024-04-23T134914.485-16x12.png 16w, https:\/\/avesdepresanepatagonico.com\/wp-content\/uploads\/2024\/04\/Diseno-sin-titulo-2024-04-23T134914.485-1440x1080.png 1440w, https:\/\/avesdepresanepatagonico.com\/wp-content\/uploads\/2024\/04\/Diseno-sin-titulo-2024-04-23T134914.485.png 2048w\" sizes=\"(max-width: 1024px) 100vw, 1024px\" \/><\/figure>\n<\/div>\n\n\n<p class=\"has-text-align-center has-medium-font-size translation-block\">11. Turkey Vulture (Cathartes aura)<\/p>\n\n\n<div class=\"wp-block-image\">\n<figure class=\"aligncenter size-large has-custom-border\" data-aos=\"fade\" data-aos-duration=\"1150\"><img loading=\"lazy\" decoding=\"async\" width=\"1024\" height=\"768\" src=\"https:\/\/avesdepresanepatagonico.com\/wp-content\/uploads\/2024\/04\/Diseno-sin-titulo-2024-04-23T134918.827-1024x768.png\" alt=\"\" class=\"wp-image-2739\" style=\"border-width:4px;border-radius:13px\" srcset=\"https:\/\/avesdepresanepatagonico.com\/wp-content\/uploads\/2024\/04\/Diseno-sin-titulo-2024-04-23T134918.827-1024x768.png 1024w, https:\/\/avesdepresanepatagonico.com\/wp-content\/uploads\/2024\/04\/Diseno-sin-titulo-2024-04-23T134918.827-300x225.png 300w, https:\/\/avesdepresanepatagonico.com\/wp-content\/uploads\/2024\/04\/Diseno-sin-titulo-2024-04-23T134918.827-768x576.png 768w, https:\/\/avesdepresanepatagonico.com\/wp-content\/uploads\/2024\/04\/Diseno-sin-titulo-2024-04-23T134918.827-1536x1152.png 1536w, https:\/\/avesdepresanepatagonico.com\/wp-content\/uploads\/2024\/04\/Diseno-sin-titulo-2024-04-23T134918.827-16x12.png 16w, https:\/\/avesdepresanepatagonico.com\/wp-content\/uploads\/2024\/04\/Diseno-sin-titulo-2024-04-23T134918.827-1440x1080.png 1440w, https:\/\/avesdepresanepatagonico.com\/wp-content\/uploads\/2024\/04\/Diseno-sin-titulo-2024-04-23T134918.827.png 2048w\" sizes=\"(max-width: 1024px) 100vw, 1024px\" \/><\/figure>\n<\/div>","protected":false},"excerpt":{"rendered":"<p>2. Halc\u00f3n Aplomado (Falco femoralis)* 3. Halconcito Colorado (Falco sparverius) 4. Carancho (Caracara plancus)* 5. Chimango (Milvago chimango) 6. Aguilucho Com\u00fan (Geranoaetus polyosoma) 7. \u00c1guila Mora (Geranoaetus melanoleucus) 8. Gavil\u00e1n Ceniciento (Circus cinereus) 9. Gavil\u00e1n Planeador (Circus buffoni)* 10. Jote Cabeza Negra (Coragyps atratus) 11. Jote Cabeza Colorada (Cathartes aura)<\/p>","protected":false},"author":1,"featured_media":0,"parent":0,"menu_order":0,"comment_status":"closed","ping_status":"closed","template":"","meta":{"saved_in_kubio":true,"_gspb_post_css":"","footnotes":""},"class_list":["post-238","page","type-page","status-publish","hentry"],"kubio_ai_page_context":{"short_desc":"","purpose":"general"},"jetpack_sharing_enabled":true,"_links":{"self":[{"href":"https:\/\/avesdepresanepatagonico.com\/en\/wp-json\/wp\/v2\/pages\/238","targetHints":{"allow":["GET"]}}],"collection":[{"href":"https:\/\/avesdepresanepatagonico.com\/en\/wp-json\/wp\/v2\/pages"}],"about":[{"href":"https:\/\/avesdepresanepatagonico.com\/en\/wp-json\/wp\/v2\/types\/page"}],"author":[{"embeddable":true,"href":"https:\/\/avesdepresanepatagonico.com\/en\/wp-json\/wp\/v2\/users\/1"}],"replies":[{"embeddable":true,"href":"https:\/\/avesdepresanepatagonico.com\/en\/wp-json\/wp\/v2\/comments?post=238"}],"version-history":[{"count":119,"href":"https:\/\/avesdepresanepatagonico.com\/en\/wp-json\/wp\/v2\/pages\/238\/revisions"}],"predecessor-version":[{"id":2809,"href":"https:\/\/avesdepresanepatagonico.com\/en\/wp-json\/wp\/v2\/pages\/238\/revisions\/2809"}],"wp:attachment":[{"href":"https:\/\/avesdepresanepatagonico.com\/en\/wp-json\/wp\/v2\/media?parent=238"}],"curies":[{"name":"wp","href":"https:\/\/api.w.org\/{rel}","templated":true}]}}